{"id":1299,"date":"2019-06-18T15:25:04","date_gmt":"2019-06-18T15:25:04","guid":{"rendered":"https:\/\/sebastianguerrini.com\/esp\/?page_id=1299"},"modified":"2019-06-18T15:25:04","modified_gmt":"2019-06-18T15:25:04","slug":"contacto","status":"publish","type":"page","link":"https:\/\/sebastianguerrini.com\/esp\/contacto\/","title":{"rendered":"Contacto"},"content":{"rendered":"\n<p><a href=\"mailto:guerrinidesign@gmail.com\">guerrinidesign@gmail.com<\/a><br>Skype: sebastian.guerrini<\/p>\n\n\n\n<h3>Studio:<\/h3>\n\n\n\n<p><a href=\"mailto:info@guerriniisland.com\">info@guerriniisland.com<\/a><br><a href=\"http:\/\/www.guerriniisland.com\">www.guerriniisland.com<\/a><br><a href=\"http:\/\/www.guerriniart.com\">www.guerriniart.com<\/a><\/p>\n","protected":false},"excerpt":{"rendered":"<p>guerrinidesign@gmail.comSkype: sebastian.guerrini Studio: info@guerriniisland.comwww.guerriniisland.comwww.guerriniart.com<\/p>\n","protected":false},"author":1,"featured_media":1300,"parent":0,"menu_order":0,"comment_status":"closed","ping_status":"closed","template":"","meta":[],"yoast_head":"<!-- This site is optimized with the Yoast SEO plugin v19.3 - https:\/\/yoast.com\/wordpress\/plugins\/seo\/ -->\n<title>Contacto - Sebasti\u00e1n Guerrini<\/title>\n<meta name=\"robots\" content=\"index, follow, max-snippet:-1, max-image-preview:large, max-video-preview:-1\" \/>\n<link rel=\"canonical\" href=\"https:\/\/sebastianguerrini.com\/esp\/contacto\/\" \/>\n<meta property=\"og:locale\" content=\"es_ES\" \/>\n<meta property=\"og:type\" content=\"article\" \/>\n<meta property=\"og:title\" content=\"Contacto - Sebasti\u00e1n Guerrini\" \/>\n<meta property=\"og:description\" content=\"guerrinidesign@gmail.comSkype: sebastian.guerrini Studio: info@guerriniisland.comwww.guerriniisland.comwww.guerriniart.com\" \/>\n<meta property=\"og:url\" content=\"https:\/\/sebastianguerrini.com\/esp\/contacto\/\" \/>\n<meta property=\"og:site_name\" content=\"Sebasti\u00e1n Guerrini\" \/>\n<meta property=\"og:image\" content=\"https:\/\/sebastianguerrini.com\/esp\/wp-content\/37641148_10155901814687326_1445598348730957824_o-1024x377.jpg\" \/>\n\t<meta property=\"og:image:width\" content=\"1024\" \/>\n\t<meta property=\"og:image:height\" content=\"377\" \/>\n\t<meta property=\"og:image:type\" content=\"image\/jpeg\" \/>\n<meta name=\"twitter:card\" content=\"summary_large_image\" \/>\n<script type=\"application\/ld+json\" class=\"yoast-schema-graph\">{\"@context\":\"https:\/\/schema.org\",\"@graph\":[{\"@type\":\"Organization\",\"@id\":\"https:\/\/sebastianguerrini.com\/esp\/#organization\",\"name\":\"Sebasti\u00e1n Guerrini\",\"url\":\"https:\/\/sebastianguerrini.com\/esp\/\",\"sameAs\":[],\"logo\":{\"@type\":\"ImageObject\",\"inLanguage\":\"es\",\"@id\":\"https:\/\/sebastianguerrini.com\/esp\/#\/schema\/logo\/image\/\",\"url\":\"https:\/\/sebastianguerrini.com\/esp\/wp-content\/icono-g.png\",\"contentUrl\":\"https:\/\/sebastianguerrini.com\/esp\/wp-content\/icono-g.png\",\"width\":79,\"height\":93,\"caption\":\"Sebasti\u00e1n Guerrini\"},\"image\":{\"@id\":\"https:\/\/sebastianguerrini.com\/esp\/#\/schema\/logo\/image\/\"}},{\"@type\":\"WebSite\",\"@id\":\"https:\/\/sebastianguerrini.com\/esp\/#website\",\"url\":\"https:\/\/sebastianguerrini.com\/esp\/\",\"name\":\"Sebasti\u00e1n Guerrini\",\"description\":\"Pensamientos sobre Im\u00e1genes, Identidades y Dise\u00f1o\",\"publisher\":{\"@id\":\"https:\/\/sebastianguerrini.com\/esp\/#organization\"},\"potentialAction\":[{\"@type\":\"SearchAction\",\"target\":{\"@type\":\"EntryPoint\",\"urlTemplate\":\"https:\/\/sebastianguerrini.com\/esp\/?s={search_term_string}\"},\"query-input\":\"required name=search_term_string\"}],\"inLanguage\":\"es\"},{\"@type\":\"ImageObject\",\"inLanguage\":\"es\",\"@id\":\"https:\/\/sebastianguerrini.com\/esp\/contacto\/#primaryimage\",\"url\":\"https:\/\/sebastianguerrini.com\/esp\/wp-content\/37641148_10155901814687326_1445598348730957824_o-1024x377.jpg\",\"contentUrl\":\"https:\/\/sebastianguerrini.com\/esp\/wp-content\/37641148_10155901814687326_1445598348730957824_o-1024x377.jpg\",\"width\":1024,\"height\":377},{\"@type\":\"WebPage\",\"@id\":\"https:\/\/sebastianguerrini.com\/esp\/contacto\/\",\"url\":\"https:\/\/sebastianguerrini.com\/esp\/contacto\/\",\"name\":\"Contacto - Sebasti\u00e1n Guerrini\",\"isPartOf\":{\"@id\":\"https:\/\/sebastianguerrini.com\/esp\/#website\"},\"primaryImageOfPage\":{\"@id\":\"https:\/\/sebastianguerrini.com\/esp\/contacto\/#primaryimage\"},\"datePublished\":\"2019-06-18T15:25:04+00:00\",\"dateModified\":\"2019-06-18T15:25:04+00:00\",\"breadcrumb\":{\"@id\":\"https:\/\/sebastianguerrini.com\/esp\/contacto\/#breadcrumb\"},\"inLanguage\":\"es\",\"potentialAction\":[{\"@type\":\"ReadAction\",\"target\":[\"https:\/\/sebastianguerrini.com\/esp\/contacto\/\"]}]},{\"@type\":\"BreadcrumbList\",\"@id\":\"https:\/\/sebastianguerrini.com\/esp\/contacto\/#breadcrumb\",\"itemListElement\":[{\"@type\":\"ListItem\",\"position\":1,\"name\":\"Portada\",\"item\":\"https:\/\/sebastianguerrini.com\/esp\/\"},{\"@type\":\"ListItem\",\"position\":2,\"name\":\"Contacto\"}]}]}<\/script>\n<!-- \/ Yoast SEO plugin. -->","yoast_head_json":{"title":"Contacto - Sebasti\u00e1n Guerrini","robots":{"index":"index","follow":"follow","max-snippet":"max-snippet:-1","max-image-preview":"max-image-preview:large","max-video-preview":"max-video-preview:-1"},"canonical":"https:\/\/sebastianguerrini.com\/esp\/contacto\/","og_locale":"es_ES","og_type":"article","og_title":"Contacto - Sebasti\u00e1n Guerrini","og_description":"guerrinidesign@gmail.comSkype: sebastian.guerrini Studio: info@guerriniisland.comwww.guerriniisland.comwww.guerriniart.com","og_url":"https:\/\/sebastianguerrini.com\/esp\/contacto\/","og_site_name":"Sebasti\u00e1n Guerrini","og_image":[{"width":1024,"height":377,"url":"https:\/\/sebastianguerrini.com\/esp\/wp-content\/37641148_10155901814687326_1445598348730957824_o-1024x377.jpg","type":"image\/jpeg"}],"twitter_card":"summary_large_image","schema":{"@context":"https:\/\/schema.org","@graph":[{"@type":"Organization","@id":"https:\/\/sebastianguerrini.com\/esp\/#organization","name":"Sebasti\u00e1n Guerrini","url":"https:\/\/sebastianguerrini.com\/esp\/","sameAs":[],"logo":{"@type":"ImageObject","inLanguage":"es","@id":"https:\/\/sebastianguerrini.com\/esp\/#\/schema\/logo\/image\/","url":"https:\/\/sebastianguerrini.com\/esp\/wp-content\/icono-g.png","contentUrl":"https:\/\/sebastianguerrini.com\/esp\/wp-content\/icono-g.png","width":79,"height":93,"caption":"Sebasti\u00e1n Guerrini"},"image":{"@id":"https:\/\/sebastianguerrini.com\/esp\/#\/schema\/logo\/image\/"}},{"@type":"WebSite","@id":"https:\/\/sebastianguerrini.com\/esp\/#website","url":"https:\/\/sebastianguerrini.com\/esp\/","name":"Sebasti\u00e1n Guerrini","description":"Pensamientos sobre Im\u00e1genes, Identidades y Dise\u00f1o","publisher":{"@id":"https:\/\/sebastianguerrini.com\/esp\/#organization"},"potentialAction":[{"@type":"SearchAction","target":{"@type":"EntryPoint","urlTemplate":"https:\/\/sebastianguerrini.com\/esp\/?s={search_term_string}"},"query-input":"required name=search_term_string"}],"inLanguage":"es"},{"@type":"ImageObject","inLanguage":"es","@id":"https:\/\/sebastianguerrini.com\/esp\/contacto\/#primaryimage","url":"https:\/\/sebastianguerrini.com\/esp\/wp-content\/37641148_10155901814687326_1445598348730957824_o-1024x377.jpg","contentUrl":"https:\/\/sebastianguerrini.com\/esp\/wp-content\/37641148_10155901814687326_1445598348730957824_o-1024x377.jpg","width":1024,"height":377},{"@type":"WebPage","@id":"https:\/\/sebastianguerrini.com\/esp\/contacto\/","url":"https:\/\/sebastianguerrini.com\/esp\/contacto\/","name":"Contacto - Sebasti\u00e1n Guerrini","isPartOf":{"@id":"https:\/\/sebastianguerrini.com\/esp\/#website"},"primaryImageOfPage":{"@id":"https:\/\/sebastianguerrini.com\/esp\/contacto\/#primaryimage"},"datePublished":"2019-06-18T15:25:04+00:00","dateModified":"2019-06-18T15:25:04+00:00","breadcrumb":{"@id":"https:\/\/sebastianguerrini.com\/esp\/contacto\/#breadcrumb"},"inLanguage":"es","potentialAction":[{"@type":"ReadAction","target":["https:\/\/sebastianguerrini.com\/esp\/contacto\/"]}]},{"@type":"BreadcrumbList","@id":"https:\/\/sebastianguerrini.com\/esp\/contacto\/#breadcrumb","itemListElement":[{"@type":"ListItem","position":1,"name":"Portada","item":"https:\/\/sebastianguerrini.com\/esp\/"},{"@type":"ListItem","position":2,"name":"Contacto"}]}]}},"_links":{"self":[{"href":"https:\/\/sebastianguerrini.com\/esp\/wp-json\/wp\/v2\/pages\/1299"}],"collection":[{"href":"https:\/\/sebastianguerrini.com\/esp\/wp-json\/wp\/v2\/pages"}],"about":[{"href":"https:\/\/sebastianguerrini.com\/esp\/wp-json\/wp\/v2\/types\/page"}],"author":[{"embeddable":true,"href":"https:\/\/sebastianguerrini.com\/esp\/wp-json\/wp\/v2\/users\/1"}],"replies":[{"embeddable":true,"href":"https:\/\/sebastianguerrini.com\/esp\/wp-json\/wp\/v2\/comments?post=1299"}],"version-history":[{"count":1,"href":"https:\/\/sebastianguerrini.com\/esp\/wp-json\/wp\/v2\/pages\/1299\/revisions"}],"predecessor-version":[{"id":1301,"href":"https:\/\/sebastianguerrini.com\/esp\/wp-json\/wp\/v2\/pages\/1299\/revisions\/1301"}],"wp:featuredmedia":[{"embeddable":true,"href":"https:\/\/sebastianguerrini.com\/esp\/wp-json\/wp\/v2\/media\/1300"}],"wp:attachment":[{"href":"https:\/\/sebastianguerrini.com\/esp\/wp-json\/wp\/v2\/media?parent=1299"}],"curies":[{"name":"wp","href":"https:\/\/api.w.org\/{rel}","templated":true}]}}